{"id":6771,"date":"2025-03-09T10:26:40","date_gmt":"2025-03-09T10:26:40","guid":{"rendered":"https:\/\/makeyourtail.com\/?post_type=product&#038;p=6771"},"modified":"2026-03-21T22:45:55","modified_gmt":"2026-03-21T22:45:55","slug":"psie-lapy-z-pazurami","status":"publish","type":"product","link":"https:\/\/makeyourtail.com\/pl\/produkt\/psie-lapy-z-pazurami\/","title":{"rendered":"\u0141apy canine z pazurami"},"content":{"rendered":"<p style=\"text-align: center;\">Przedstawiamy nasze ekskluzywne, r\u0119cznie wykonane ze sztucznego futra \u0142apki z pazurami, teraz dost\u0119pne w naszym sklepie internetowym.<\/p>\n<p style=\"text-align: center;\">Ka\u017cda \u0142apa jest starannie wykonana z najwy\u017cszej jako\u015bci materia\u0142\u00f3w, zapewniaj\u0105c trwa\u0142o\u015b\u0107 i doskona\u0142e wra\u017cenia wizualne.<\/p>\n<p style=\"text-align: center;\">Zam\u00f3wienia s\u0105 w zestawach po dwie \u0142apki.<\/p>\n<p><a href=\"https:\/\/makeyourtail.com\/wp-content\/uploads\/2025\/03\/fur.jpg\"><img fetchpriority=\"high\" decoding=\"async\" class=\"aligncenter wp-image-6959\" src=\"https:\/\/makeyourtail.com\/wp-content\/uploads\/2025\/03\/fur-300x200.jpg\" alt=\"\" width=\"600\" height=\"400\" srcset=\"https:\/\/makeyourtail.com\/wp-content\/uploads\/2025\/03\/fur-300x200.jpg 300w, https:\/\/makeyourtail.com\/wp-content\/uploads\/2025\/03\/fur-1024x683.jpg 1024w, https:\/\/makeyourtail.com\/wp-content\/uploads\/2025\/03\/fur-768x512.jpg 768w, https:\/\/makeyourtail.com\/wp-content\/uploads\/2025\/03\/fur-18x12.jpg 18w, https:\/\/makeyourtail.com\/wp-content\/uploads\/2025\/03\/fur-600x400.jpg 600w, https:\/\/makeyourtail.com\/wp-content\/uploads\/2025\/03\/fur-130x87.jpg 130w, https:\/\/makeyourtail.com\/wp-content\/uploads\/2025\/03\/fur.jpg 1288w\" sizes=\"(max-width: 600px) 100vw, 600px\" \/><\/a><\/p>\n<p style=\"text-align: center;\">Korzystaj\u0105c z naszego zaawansowanego konfiguratora 3D, masz mo\u017cliwo\u015b\u0107 personalizacji swoich \u0142apek do perfekcji, wybieraj\u0105c spo\u015br\u00f3d ponad 20 kolor\u00f3w futra i dobieraj\u0105c r\u00f3\u017cne kolory dla r\u00f3\u017cnych cz\u0119\u015bci \u0142apy.<\/p>\n<p><a href=\"https:\/\/makeyourtail.com\/wp-content\/uploads\/2025\/03\/creator.png\"><img decoding=\"async\" class=\"aligncenter wp-image-6957\" src=\"https:\/\/makeyourtail.com\/wp-content\/uploads\/2025\/03\/creator-300x172.png\" alt=\"\" width=\"600\" height=\"345\" srcset=\"https:\/\/makeyourtail.com\/wp-content\/uploads\/2025\/03\/creator-300x172.png 300w, https:\/\/makeyourtail.com\/wp-content\/uploads\/2025\/03\/creator-1024x589.png 1024w, https:\/\/makeyourtail.com\/wp-content\/uploads\/2025\/03\/creator-768x441.png 768w, https:\/\/makeyourtail.com\/wp-content\/uploads\/2025\/03\/creator-18x10.png 18w, https:\/\/makeyourtail.com\/wp-content\/uploads\/2025\/03\/creator-600x345.png 600w, https:\/\/makeyourtail.com\/wp-content\/uploads\/2025\/03\/creator-130x75.png 130w, https:\/\/makeyourtail.com\/wp-content\/uploads\/2025\/03\/creator.png 1218w\" sizes=\"(max-width: 600px) 100vw, 600px\" \/><\/a><\/p>\n<p style=\"text-align: center;\">Idealne zar\u00f3wno dla cz\u0142onk\u00f3w spo\u0142eczno\u015bci furry, jak i cosplay.<\/p>\n<p style=\"text-align: center;\">Wyr\u00f3\u017cnij si\u0119 spo\u015br\u00f3d t\u0142umu, dostosowuj\u0105c swoje \u0142apki za pomoc\u0105 unikalnych wzor\u00f3w.<\/p>\n<p style=\"text-align: center;\">Wzoruj si\u0119 na swojej fursonie, ulubionej postaci, albo daj upust swojej kreatywno\u015bci!<\/p>\n<p style=\"text-align: center;\"><strong>Ponadto, gwarantujemy \u017ce wy\u015blemy tw\u00f3j ogon w ci\u0105gu 3-6 tygodni<\/strong> aby zapewni\u0107 twoj\u0105 ca\u0142kowit\u0105 satysfakcj\u0119.<\/p>\n<p><a href=\"https:\/\/makeyourtail.com\/wp-content\/uploads\/2025\/03\/canine_claws.jpg\"><img decoding=\"async\" class=\"aligncenter wp-image-6975\" src=\"https:\/\/makeyourtail.com\/wp-content\/uploads\/2025\/03\/canine_claws-300x225.jpg\" alt=\"\" width=\"600\" height=\"450\" srcset=\"https:\/\/makeyourtail.com\/wp-content\/uploads\/2025\/03\/canine_claws-300x225.jpg 300w, https:\/\/makeyourtail.com\/wp-content\/uploads\/2025\/03\/canine_claws-1024x768.jpg 1024w, https:\/\/makeyourtail.com\/wp-content\/uploads\/2025\/03\/canine_claws-768x576.jpg 768w, https:\/\/makeyourtail.com\/wp-content\/uploads\/2025\/03\/canine_claws-16x12.jpg 16w, https:\/\/makeyourtail.com\/wp-content\/uploads\/2025\/03\/canine_claws-600x450.jpg 600w, https:\/\/makeyourtail.com\/wp-content\/uploads\/2025\/03\/canine_claws-130x98.jpg 130w, https:\/\/makeyourtail.com\/wp-content\/uploads\/2025\/03\/canine_claws.jpg 1218w\" sizes=\"(max-width: 600px) 100vw, 600px\" \/><\/a><\/p>\n<p style=\"text-align: center;\">Baw si\u0119 razem z przyjaci\u00f3\u0142mi i wyra\u017a sw\u00f3j styl dzi\u0119ki naszym spersonalizowanym \u0142apkom ju\u017c dzi\u015b!<\/p>","protected":false},"excerpt":{"rendered":"<p>Introducing our exclusive handmade faux-fur paws with claws, now available in our e-commerce store. Each paw is meticulously crafted from premium materials, ensuring durability and excellent visual experiences. Orders come in sets of two paws. Utilizing our advanced 3D Customizer, you have the freedom to personalize your paws to perfection, choosing from over 20 furs [&hellip;]<\/p>","protected":false},"featured_media":6777,"template":"","meta":{"iawp_total_views":370},"product_brand":[],"product_cat":[29],"product_tag":[],"class_list":{"0":"post-6771","1":"product","2":"type-product","3":"status-publish","4":"has-post-thumbnail","6":"product_cat-paws","8":"first","9":"instock","10":"shipping-taxable","11":"purchasable","12":"product-type-simple"},"_links":{"self":[{"href":"https:\/\/makeyourtail.com\/pl\/wp-json\/wp\/v2\/product\/6771","targetHints":{"allow":["GET"]}}],"collection":[{"href":"https:\/\/makeyourtail.com\/pl\/wp-json\/wp\/v2\/product"}],"about":[{"href":"https:\/\/makeyourtail.com\/pl\/wp-json\/wp\/v2\/types\/product"}],"wp:featuredmedia":[{"embeddable":true,"href":"https:\/\/makeyourtail.com\/pl\/wp-json\/wp\/v2\/media\/6777"}],"wp:attachment":[{"href":"https:\/\/makeyourtail.com\/pl\/wp-json\/wp\/v2\/media?parent=6771"}],"wp:term":[{"taxonomy":"product_brand","embeddable":true,"href":"https:\/\/makeyourtail.com\/pl\/wp-json\/wp\/v2\/product_brand?post=6771"},{"taxonomy":"product_cat","embeddable":true,"href":"https:\/\/makeyourtail.com\/pl\/wp-json\/wp\/v2\/product_cat?post=6771"},{"taxonomy":"product_tag","embeddable":true,"href":"https:\/\/makeyourtail.com\/pl\/wp-json\/wp\/v2\/product_tag?post=6771"}],"curies":[{"name":"wp","href":"https:\/\/api.w.org\/{rel}","templated":true}]}}