{"id":6580,"date":"2025-03-08T13:01:33","date_gmt":"2025-03-08T13:01:33","guid":{"rendered":"https:\/\/makeyourtail.com\/?page_id=6580"},"modified":"2025-03-08T22:47:28","modified_gmt":"2025-03-08T22:47:28","slug":"bezpieczna-platnosc","status":"publish","type":"page","link":"https:\/\/makeyourtail.com\/pl\/bezpieczna-platnosc\/","title":{"rendered":"Bezpieczna p\u0142atno\u015b\u0107"},"content":{"rendered":"<div data-elementor-type=\"wp-page\" data-elementor-id=\"6580\" class=\"elementor elementor-6580\">\n\t\t\t\t<div class=\"elementor-element elementor-element-d0d4842 e-flex e-con-boxed ecomus-responsive-column ecomus-tablet-column--default ecomus-responsive-column ecomus-mobile-column--default ecomus-responsive-column ecomus-motion--var(--position) e-con e-parent\" data-id=\"d0d4842\" data-element_type=\"container\" data-e-type=\"container\">\n\t\t\t\t\t<div class=\"e-con-inner\">\n\t\t<div class=\"elementor-element elementor-element-e19f108 e-con-full e-flex ecomus-responsive-column ecomus-tablet-column--default ecomus-responsive-column ecomus-mobile-column--default ecomus-responsive-column ecomus-motion--var(--position) e-con e-child\" data-id=\"e19f108\" data-element_type=\"container\" data-e-type=\"container\">\n\t\t\t\t<\/div>\n\t\t<div class=\"elementor-element elementor-element-e8e573d e-con-full e-flex ecomus-responsive-column ecomus-tablet-column--default ecomus-responsive-column ecomus-mobile-column--default ecomus-responsive-column ecomus-motion--var(--position) e-con e-child\" data-id=\"e8e573d\" data-element_type=\"container\" data-e-type=\"container\">\n\t\t\t\t<div class=\"elementor-element elementor-element-635b4c1 elementor-widget elementor-widget-image\" data-id=\"635b4c1\" data-element_type=\"widget\" data-e-type=\"widget\" data-widget_type=\"image.default\">\n\t\t\t\t<div class=\"elementor-widget-container\">\n\t\t\t\t\t\t\t\t\t\t\t\t\t\t\t<img fetchpriority=\"high\" decoding=\"async\" width=\"1024\" height=\"108\" src=\"https:\/\/makeyourtail.com\/wp-content\/uploads\/2025\/03\/IMG_3362-1024x108.jpg\" class=\"attachment-large size-large wp-image-6658\" alt=\"\" srcset=\"https:\/\/makeyourtail.com\/wp-content\/uploads\/2025\/03\/IMG_3362-1024x108.jpg 1024w, https:\/\/makeyourtail.com\/wp-content\/uploads\/2025\/03\/IMG_3362-300x32.jpg 300w, https:\/\/makeyourtail.com\/wp-content\/uploads\/2025\/03\/IMG_3362-768x81.jpg 768w, https:\/\/makeyourtail.com\/wp-content\/uploads\/2025\/03\/IMG_3362-1536x161.jpg 1536w, https:\/\/makeyourtail.com\/wp-content\/uploads\/2025\/03\/IMG_3362-18x2.jpg 18w, https:\/\/makeyourtail.com\/wp-content\/uploads\/2025\/03\/IMG_3362-600x63.jpg 600w, https:\/\/makeyourtail.com\/wp-content\/uploads\/2025\/03\/IMG_3362-130x14.jpg 130w, https:\/\/makeyourtail.com\/wp-content\/uploads\/2025\/03\/IMG_3362.jpg 1638w\" sizes=\"(max-width: 1024px) 100vw, 1024px\" \/>\t\t\t\t\t\t\t\t\t\t\t\t\t\t\t<\/div>\n\t\t\t\t<\/div>\n\t\t\t\t<div class=\"elementor-element elementor-element-8386f41 elementor-widget elementor-widget-text-editor\" data-id=\"8386f41\" data-element_type=\"widget\" data-e-type=\"widget\" data-widget_type=\"text-editor.default\">\n\t\t\t\t<div class=\"elementor-widget-container\">\n\t\t\t\t\t\t\t\t\t<p>W\u00a0<em>Make Your Tail<\/em>, priorytetem jest bezpiecze\u0144stwo Twoich transakcji, aby zapewni\u0107 bezpieczne i niezawodne do\u015bwiadczenie zakup\u00f3w. Nasze zaanga\u017cowanie w zabezpieczanie Twoich informacji p\u0142atniczych odzwierciedla si\u0119 w u\u017cyciu standardowych \u015brodk\u00f3w bezpiecze\u0144stwa bran\u017cowego.<\/p><h6>Szyfrowanie SSL<\/h6><p>Nasza strona internetowa u\u017cywa technologii szyfrowania SSL (Secure Socket Layer), aby zabezpieczy\u0107 transfer danych pomi\u0119dzy Twoj\u0105 przegl\u0105dark\u0105 a naszymi serwerami. Szyfrowanie to gwarantuje, \u017ce wszystkie informacje, w tym dane osobowe i p\u0142atnicze, pozostan\u0105 poufne i chronione przed nieautoryzowanym dost\u0119pem.<\/p><h6>Zaufane Metody P\u0142atno\u015bci<\/h6><p>Akceptujemy r\u00f3\u017cnorodne zaufane metody p\u0142atno\u015bci, aby zapewni\u0107 Ci elastyczno\u015b\u0107 i wygod\u0119. Wybierz spo\u015br\u00f3d poni\u017cszych opcji:<\/p><ul><li><strong>Karty kredytowe i debetowe:<\/strong>\u00a0Akceptujemy g\u0142\u00f3wne karty kredytowe i debetowe, w tym Visa i Mastercard. Nasza bezpieczna brama p\u0142atno\u015bci zapewnia poufno\u015b\u0107 danych Twojej karty podczas procesu transakcji.<\/li><li><strong>PayPal:<\/strong>\u00a0Dla dodatkowego komfortu i bezpiecze\u0144stwa mo\u017cesz u\u017cywa\u0107 PayPal do swoich transakcji. PayPal oferuje dodatkow\u0105 warstw\u0119 ochrony i umo\u017cliwia \u0142atwe dokonanie zakupu.<\/li><li><strong>Przelewy24 (w tym BLIK):<\/strong>\u00a0U\u017cytkownicy z Polski mog\u0105 skorzysta\u0107 z Przelew\u00f3w24 do swoich transakcji. Jest to zaufana metoda p\u0142atno\u015bci, kt\u00f3ra zapewnia p\u0142ynne i bezpieczne transfery, a dodatkowo oferuje mo\u017cliwo\u015b\u0107 p\u0142atno\u015bci za pomoc\u0105 kodu BLIK.<\/li><li><strong>Link:<\/strong> Je\u015bli jeste\u015b w Niemczech, Giropay oferuje niezawodn\u0105 opcj\u0119 p\u0142atno\u015bci. Jest to popularna metoda znana ze swojego bezpiecze\u0144stwa i prostoty.<\/li><\/ul><h6>Tw\u00f3j Spok\u00f3j Ducha<\/h6><p>Zakupy u nas oznaczaj\u0105 nie tylko korzystanie z wysokiej jako\u015bci produkt\u00f3w, ale tak\u017ce pewno\u015b\u0107 co do bezpiecze\u0144stwa Twoich p\u0142atno\u015bci. Nasze zaanga\u017cowanie w Twoje bezpiecze\u0144stwo obejmuje nie tylko zakupione produkty, ale ca\u0142e do\u015bwiadczenie zakupowe online.<\/p><p>Zakupy w\u00a0<em>Make Your Tail<\/em>\u00a0oznaczaj\u0105 korzystanie z platformy dedykowanej zapewnianiu bezpiecznych i godnych zaufania transakcji. Je\u015bli masz jakiekolwiek pytania lub obawy dotycz\u0105ce naszych metod p\u0142atno\u015bci lub praktyk bezpiecze\u0144stwa, nie wahaj si\u0119 skontaktowa\u0107 z naszym zespo\u0142em obs\u0142ugi klienta.<\/p><p>Dzi\u0119kujemy za wyb\u00f3r\u00a0<em>Make Your Tail<\/em>.<\/p>\t\t\t\t\t\t\t\t<\/div>\n\t\t\t\t<\/div>\n\t\t\t\t<\/div>\n\t\t<div class=\"elementor-element elementor-element-492d915 e-con-full e-flex ecomus-responsive-column ecomus-tablet-column--default ecomus-responsive-column ecomus-mobile-column--default ecomus-responsive-column ecomus-motion--var(--position) e-con e-child\" data-id=\"492d915\" data-element_type=\"container\" data-e-type=\"container\">\n\t\t\t\t<\/div>\n\t\t\t\t\t<\/div>\n\t\t\t\t<\/div>\n\t\t\t\t<\/div>","protected":false},"excerpt":{"rendered":"<p>At\u00a0Make Your Tail, we prioritize the security of your transactions to ensure a safe and reliable shopping experience. Our commitment to securing your payment information is reflected in our use of industry-standard security measures. SSL Encryption Our website employs SSL (Secure Socket Layer) encryption technology to safeguard the transfer of sensitive data between your browser [&hellip;]<\/p>","protected":false},"author":1,"featured_media":0,"parent":0,"menu_order":0,"comment_status":"closed","ping_status":"closed","template":"","meta":{"iawp_total_views":13,"footnotes":""},"class_list":["post-6580","page","type-page","status-publish","hentry"],"_links":{"self":[{"href":"https:\/\/makeyourtail.com\/pl\/wp-json\/wp\/v2\/pages\/6580","targetHints":{"allow":["GET"]}}],"collection":[{"href":"https:\/\/makeyourtail.com\/pl\/wp-json\/wp\/v2\/pages"}],"about":[{"href":"https:\/\/makeyourtail.com\/pl\/wp-json\/wp\/v2\/types\/page"}],"author":[{"embeddable":true,"href":"https:\/\/makeyourtail.com\/pl\/wp-json\/wp\/v2\/users\/1"}],"replies":[{"embeddable":true,"href":"https:\/\/makeyourtail.com\/pl\/wp-json\/wp\/v2\/comments?post=6580"}],"version-history":[{"count":0,"href":"https:\/\/makeyourtail.com\/pl\/wp-json\/wp\/v2\/pages\/6580\/revisions"}],"wp:attachment":[{"href":"https:\/\/makeyourtail.com\/pl\/wp-json\/wp\/v2\/media?parent=6580"}],"curies":[{"name":"wp","href":"https:\/\/api.w.org\/{rel}","templated":true}]}}