{"id":185,"date":"2024-06-10T08:15:29","date_gmt":"2024-06-10T08:15:29","guid":{"rendered":"https:\/\/raw.githubusercontent.com\/drfuri\/demo-content\/main\/ecomus\/fashion\/images\/?page_id=185"},"modified":"2025-05-29T11:07:50","modified_gmt":"2025-05-29T11:07:50","slug":"polityka-prywatnosci","status":"publish","type":"page","link":"https:\/\/makeyourtail.com\/pl\/polityka-prywatnosci\/","title":{"rendered":"Polityka prywatno\u015bci"},"content":{"rendered":"<div data-elementor-type=\"wp-page\" data-elementor-id=\"185\" class=\"elementor elementor-185\">\n\t\t\t\t<div class=\"elementor-element elementor-element-3bbdd16 e-flex e-con-boxed ecomus-responsive-column ecomus-tablet-column--default ecomus-responsive-column ecomus-mobile-column--default ecomus-responsive-column ecomus-motion--var(--position) e-con e-parent\" data-id=\"3bbdd16\" data-element_type=\"container\" data-e-type=\"container\">\n\t\t\t\t\t<div class=\"e-con-inner\">\n\t\t<div class=\"elementor-element elementor-element-befd410 e-con-full e-flex ecomus-responsive-column ecomus-tablet-column--default ecomus-responsive-column ecomus-mobile-column--default ecomus-responsive-column ecomus-motion--var(--position) e-con e-child\" data-id=\"befd410\" data-element_type=\"container\" data-e-type=\"container\">\n\t\t\t\t<\/div>\n\t\t<div class=\"elementor-element elementor-element-68e9515 e-con-full e-flex ecomus-responsive-column ecomus-tablet-column--default ecomus-responsive-column ecomus-mobile-column--default ecomus-responsive-column ecomus-motion--var(--position) e-con e-child\" data-id=\"68e9515\" data-element_type=\"container\" data-e-type=\"container\">\n\t\t\t\t<div class=\"elementor-element elementor-element-de29e33 elementor-widget elementor-widget-text-editor\" data-id=\"de29e33\" data-element_type=\"widget\" data-e-type=\"widget\" data-widget_type=\"text-editor.default\">\n\t\t\t\t<div class=\"elementor-widget-container\">\n\t\t\t\t\t\t\t\t\t<p><strong>POLITYKA PRYWATNO\u015aCI<\/strong><\/p><p>Niniejsza Polityka stanowi podstawow\u0105 informacj\u0119 o celach, sposobach przetwarzania oraz bezpiecze\u0144stwie Twoich danych osobowych, jako u\u017cytkownika strony: www.makeyourtail.com (zwanej dalej Stron\u0105). Zapoznaj\u0105c si\u0119 z Polityk\u0105 prywatno\u015bci dowiesz si\u0119 kto jest administratorem Twoich danych osobowych, jakie dane osobowe s\u0105 przez Stron\u0119 zbierane, w jakich celach s\u0105 wykorzystywane oraz jak s\u0105 chronione.<\/p><p><strong>\u00a71. Informacje podstawowe<\/strong><\/p><ol><li>Administratorem Twoich danych osobowych jest:\u00a0<em>Dominika Resiak-Czok, przedsi\u0119biorca wpisany do Centralnej Informacji i Ewidencji o Dzia\u0142alno\u015bci Gospodarczej pod firm\u0105: GalacticPaw Studio - Dominika Resiak-Czok z siedzib\u0105 w Opolu (45-265), ul. Bytnara Rudego 11F\/8, NIP: 7543264712<\/em><\/li><li>Kontakt z Administratorem jest mo\u017cliwy za po\u015brednictwem poczty e-mail: contact@makeyourtail.com<\/li><li>Z regulaminem \u015bwiadczenia us\u0142ug drog\u0105 elektroniczn\u0105 mo\u017cesz si\u0119 zapozna\u0107 tutaj: https:\/\/makeyourtail.com\/pl\/regulamin\/<\/li><\/ol><p><strong>\u00a72. Zasady przetwarzania danych<\/strong><\/p><ol><li>The Administrator processes personal data with respect to the following principles:<ol><li>na podstawie podstawy prawnej i zgodnie z prawem (legalno\u015b\u0107);<\/li><li>rzetelnie i zgodnie z dobrymi praktykami (rzetelno\u015b\u0107);<\/li><li>w konkretnych celach, nie wykraczaj\u0105c poza podstaw\u0119 prawn\u0105 przetwarzania danych, i przetwarzane w spos\u00f3b zgodny z tymi celami (ograniczenie celu);<\/li><li>merytorycznie i odpowiednio do cel\u00f3w, w jakich s\u0105 przetwarzane (minimalizacja danych);<\/li><li>nieprzechowywane w formie umo\u017cliwiaj\u0105cej identyfikacj\u0119 osoby, kt\u00f3rej dane dotycz\u0105, d\u0142u\u017cej ni\u017c jest to konieczne do osi\u0105gni\u0119cia celu przetwarzania (ograniczenie przechowywania);<\/li><li>przetwarzane w spos\u00f3b zapewniaj\u0105cy odpowiednie bezpiecze\u0144stwo danych osobowych, z wykorzystaniem odpowiednich \u015brodk\u00f3w technicznych lub organizacyjnych (integralno\u015b\u0107 i poufno\u015b\u0107).<\/li><\/ol><\/li><\/ol><ol><li style=\"list-style-type: none;\">\u00a0<\/li><\/ol><p><strong>\u00a73. Cele, podstawy prawne i zakres przetwarzania danych<\/strong><\/p><ol><li>Twoje dane b\u0119dziemy przetwarza\u0107:<ol><li>w celach kontaktowych, aby udzieli\u0107 ci odpowiedzi na Twoj\u0105 wiadomo\u015b\u0107 przes\u0142an\u0105 nam bezpo\u015brednio drog\u0105 e-mailow\u0105 na podstawie realizacji prawnie uzasadnionego interesu Administratora zwi\u0105zanego z konieczno\u015bci\u0105 udzielenia Ci odpowiedzi.<\/li><li>w celach marketingowych, je\u015bli zapisa\u0142e\u015b si\u0119 na newsletter,<\/li><li>w celu realizacji Twojego zam\u00f3wienia, na podstawie zawartej umowy sprzeda\u017cy (poprzez skuteczne z\u0142o\u017cenie zam\u00f3wienia dochodzi do zawarcia umowy, w kt\u00f3rej my wyst\u0119pujemy w roli sprzedawcy, a Ty kupuj\u0105cego),<\/li><li>w celu utworzenia i prowadzenia dla Ciebie konta u\u017cytkownika,<\/li><li>w celach umo\u017cliwienia Tobie komentowania materia\u0142\u00f3w zamieszczanych na naszej stronie  na podstawie realizacji prawnie uzasadnionego interesu Administratora zwi\u0105zanego z mo\u017cliwo\u015bci\u0105 komentowania zawarto\u015bci strony internetowej.<\/li><li>w celach zwi\u0105zanych z prowadzeniem przez nas profilu firmowego w mediach spo\u0142eczno\u015bciowych (takich jak Facebook \/ Instagram) na zasadach okre\u015blonych przez w\u0142a\u015bcicieli danego medium (portalu) i informowania w nim o naszych produktach, promocjach i innych wiadomo\u015bciach dotycz\u0105cych naszej dzia\u0142alno\u015bci, co uwa\u017camy za nasz prawnie uzasadniony interes,<\/li><li>w celach technicznych przy u\u017cyciu plik\u00f3w cookies (ciasteczka techniczne), na podstawie realizacji prawnie uzasadnionego interesu Administratora zwi\u0105zanego z prawid\u0142owym dzia\u0142aniem i funkcjonowaniem Strony.<\/li><\/ol><\/li><li>Przetwarzamy Twoje dane w zakresie:<ol><li>je\u015bli prze\u015blesz nam wiadomo\u015b\u0107 e-mail to b\u0119dziemy przetwarza\u0107 dane, kt\u00f3re b\u0119d\u0105 w niej zawarte. Przekazanie nam danych w e-mailu nast\u0119puje dobrowolnie. W ka\u017cdym czasie mo\u017cesz zwr\u00f3ci\u0107 si\u0119 do nas z pro\u015bb\u0105 o usuni\u0119cie tych danych.<\/li><li>je\u015bli zapiszesz si\u0119 na newsletter to b\u0119dziemy przetwarza\u0107 Tw\u00f3j adres e-mail. Zapis na newsletter jest dobrowolny i w ka\u017cdym czasie mo\u017cesz z niego zrezygnowa\u0107.<\/li><li>je\u015bli zakupisz na stronie produkty to, aby zrealizowa\u0107 Twoje zam\u00f3wienie b\u0119dziemy przetwarza\u0107: Twoje imi\u0119 i nazwisko, adres zamieszkania, adres dostawy, numer telefonu, adres e-mail i inne dane zawarte w formularzu zam\u00f3wienia, niezb\u0119dne do wywi\u0105zania si\u0119 przez nas z umowy.  Podanie tych danych stanowi warunek z\u0142o\u017cenia zam\u00f3wienia i zawarcia umowy.<\/li><li>w przypadku za\u0142o\u017cenia konta u\u017cytkownika b\u0119dziemy przetwarza\u0107 dane, kt\u00f3re podasz w formularzu rejestracyjnym, a w szczeg\u00f3lno\u015bci: Twoje imi\u0119 i nazwisko, adres e-mail, nr telefonu, adres zamieszkania, p\u0142e\u0107. Podanie imienia, nazwiska, adresu e-mail stanowi warunek za\u0142o\u017cenia konta u\u017cytkownika.<\/li><li>je\u015bli postanowisz opublikowa\u0107 komentarz na Stronie to b\u0119dziemy przetwarza\u0107 Twoje imi\u0119 oraz adres e-mail. Przekazanie nam danych w ten spos\u00f3b nast\u0119puje dobrowolnie. W ka\u017cdym czasie mo\u017cesz usun\u0105\u0107 sw\u00f3j komentarz.<\/li><li>je\u015bli polubisz lub w inny spos\u00f3b do\u0142\u0105czysz do naszego profilu w mediach spo\u0142eczno\u015bciowych (np. Facebook) b\u0119dziemy przetwarza\u0107 Twoje dane, kt\u00f3re poda\u0142e\u015b w danym medium i do kt\u00f3rych b\u0119dziemy mieli dost\u0119p. W celu zako\u0144czenia przetwarzania mo\u017cesz zako\u0144czy\u0107 subskrypcj\u0119 naszego profilu.<\/li><li>pozosta\u0142e dane, kt\u00f3re Administrator przetwarza to adres IP i inne dane zapisywane w plikach cookies. To Ty decydujesz w jakim zakresie b\u0119dziemy mogli wykorzysta\u0107 pliki cookies z Twoimi danymi. Przekazanie nam danych w ten spos\u00f3b nast\u0119puje dobrowolnie. W ka\u017cdym czasie mo\u017cesz zmieni\u0107 swoje preferencje. Mo\u017cesz to zrobi\u0107 w swojej przegl\u0105darce internetowej lub te\u017c po usuni\u0119ciu zapisanych plik\u00f3w cookies pochodz\u0105cych z naszej Strony.<\/li><li>API zewn\u0119trznych partner\u00f3w: Nasza strona mo\u017ce korzysta\u0107 z API (interfejs\u00f3w programistycznych aplikacji) dostarczanych przez zewn\u0119trznych partner\u00f3w w celu zintegrowania r\u00f3\u017cnych funkcjonalno\u015bci, takich jak mapy, us\u0142ugi analityczne, reklamowe czy media spo\u0142eczno\u015bciowe. Korzystanie z tych API mo\u017ce prowadzi\u0107 do tworzenia dodatkowych ciasteczek lub korzystania z istniej\u0105cych ciasteczek w celu przetwarzania danych u\u017cytkownik\u00f3w. Zewn\u0119trzni partnerzy mog\u0105 przechowywa\u0107 i przetwarza\u0107 te dane zgodnie z w\u0142asnymi politykami prywatno\u015bci.<\/li><\/ol><\/li><\/ol><ol><li style=\"list-style-type: none;\">\u00a0<\/li><\/ol><p><strong>\u00a74. Odbiorcy danych oraz zamiar przekazywania danych do Pa\u0144stwa spoza EOG lub organizacji mi\u0119dzynarodowej<\/strong><\/p><ol><li>Odbiorcami Twoich danych osobowych s\u0105:<ol><li>podmiot zajmuj\u0105cy si\u0119 administrowaniem Stron\u0105;<\/li><li>firmy przewozowe, za po\u015brednictwem kt\u00f3rych realizujemy dostawy;<\/li><li>po\u015brednicy p\u0142atno\u015bci internetowych z kt\u00f3rych us\u0142ug korzystamy;<\/li><li>je\u015bli zapisa\u0142e\u015b si\u0119 na newsletter Twoje dane b\u0119d\u0105 przekazane do podmiotu prowadz\u0105cego nasz newsletter;<\/li><li>je\u015bli napisa\u0142e\u015b komentarz na stronie Twoje dane b\u0119d\u0105 przekazane do podmiotu obs\u0142uguj\u0105cego modu\u0142 komentarzy;<\/li><\/ol><\/li><\/ol><ol><li style=\"list-style-type: none;\">\u00a0<\/li><\/ol><p><strong>\u00a75. Termin przechowywania danych.<\/strong><\/p><ol><li>Nie jeste\u015bmy w stanie ustali\u0107 przez jaki okres przetwarza\u0107 b\u0119dziemy Twoje dane osobowe.<\/li><li>Dane przekazane nam w zwi\u0105zku ze z\u0142o\u017conym zam\u00f3wieniem i sprzeda\u017c\u0105 towar\u00f3w\/produkt\u00f3w przetwarzamy przez co najmniej 6 lat, celem wywi\u0105zania si\u0119 z ci\u0105\u017c\u0105cych na nas obowi\u0105zkach podatkowych.<\/li><li>Je\u015bli przekaza\u0142e\u015b nam swoje dane w wiadomo\u015bci e-mail w celach kontaktowych to Twoje dane b\u0119dziemy przetwarza\u0107 do momentu z\u0142o\u017cenia przez Ciebie \u017c\u0105dania usuni\u0119cia tych danych lub sprzeciwu wobec przetwarzania, ale r\u00f3wnie\u017c w przypadku, w kt\u00f3rym uznamy, \u017ce zrealizowali\u015bmy prawnie uzasadniony interes Administratora.<\/li><li>Je\u015bli postanowisz za\u0142o\u017cy\u0107 konto u\u017cytkownika, Twoje dane b\u0119dziemy przetwarza\u0107 do czasu usuni\u0119cia przez Ciebie tego konta.<\/li><li>Je\u015bli zapiszesz si\u0119 na newsletter to Twoje dane b\u0119dziemy przetwarza\u0107 do czasu cofni\u0119cia przez Ciebie subskrypcji.<\/li><li>Je\u017celi skomentowa\u0142e\u015b kt\u00f3ry\u015b z naszych materia\u0142\u00f3w to twoje dane b\u0119dziemy przetwarza\u0107 do momentu usuni\u0119cia przez Ciebie lub przez nas Twojego komentarza.<\/li><\/ol><p><strong>\u00a76. Prawa u\u017cytkownik\u00f3w.<\/strong><\/p><ol><li>W zwi\u0105zku z przetwarzaniem Twoich danych przys\u0142uguj\u0105 Ci nast\u0119puj\u0105ce prawa:<ol><li>dost\u0119pu do tre\u015bci swoich danych oraz<\/li><li>prawo ich sprostowania, usuni\u0119cia, ograniczenia przetwarzania,<\/li><li>prawo do przenoszenia danych,<\/li><li>prawo wniesienia sprzeciwu,<\/li><li>prawo do cofni\u0119cia zgody na ich przetwarzanie w dowolnym momencie i w dowolnej formie, chyba \u017ce przetwarzanie Pa\u0144stwa danych odbywa si\u0119 w celu wykonywania umowy przez Administratora, w celu wywi\u0105zania si\u0119 przez Administratora z obowi\u0105zk\u00f3w prawnych wzgl\u0119dem instytucji pa\u0144stwowych lub w celu realizacji prawnie uzasadnionych interes\u00f3w Administratora.<\/li><\/ol><\/li><li>Masz tak\u017ce prawo wniesienia skargi do Prezesa Urz\u0119du Ochrony Danych Osobowych (na adres Urz\u0119du Ochrony Danych Osobowych, ul. Stawki 2, 00-193 Warszawa).<\/li><li>Wi\u0119cej informacji w przedmiocie ochrony danych osobowych mog\u0105 Pa\u0144stwo otrzyma\u0107 na stronie internetowej Urz\u0119du Ochrony Danych Osobowych:\u00a0<a href=\"http:\/\/www.uodo.gov.pl\">www.uodo.gov.pl<\/a><\/li><\/ol><ol><li style=\"list-style-type: none;\">\u00a0<\/li><\/ol><p><strong>\u00a77 Informacja o ciasteczkach<\/strong><\/p><ol><li>Na naszej stronie wykorzystujemy ciasteczka (pliki cookies).<\/li><li>Ciasteczka (pliki cookies) s\u0105 niewielkimi plikami tekstowymi przechowywanymi na urz\u0105dzeniach u\u017cytkownik\u00f3w podczas przegl\u0105dania strony internetowej. S\u0105 one wykorzystywane w celu u\u0142atwienia korzystania z naszej strony, poprawienia jako\u015bci us\u0142ug oraz umo\u017cliwienia analizy ruchu i zachowa\u0144 u\u017cytkownik\u00f3w.<\/li><li>Ciasteczka mog\u0105 by\u0107 sta\u0142e (trwa\u0142e) lub tymczasowe (sesyjne). Sta\u0142e ciasteczka s\u0105 przechowywane na urz\u0105dzeniu u\u017cytkownika przez okre\u015blony czas lub do momentu ich usuni\u0119cia przez u\u017cytkownika. Tymczasowe ciasteczka s\u0105 usuwane po zamkni\u0119ciu przegl\u0105darki.<\/li><li>Wykorzystujemy ciasteczka w celu zapewnienia prawid\u0142owego dzia\u0142ania strony, personalizacji tre\u015bci oraz zapisywania preferencji u\u017cytkownik\u00f3w.<\/li><li>U\u017cytkownicy maj\u0105 prawo kontrolowa\u0107 i ogranicza\u0107 spos\u00f3b, w jaki ciasteczka s\u0105 wykorzystywane na naszej stronie. Wi\u0119kszo\u015b\u0107 przegl\u0105darek internetowych umo\u017cliwia zarz\u0105dzanie plikami cookies, w tym blokowanie, ograniczanie lub usuwanie ciasteczek. Szczeg\u00f3\u0142owe informacje na temat zarz\u0105dzania ciasteczkami mo\u017cna znale\u017a\u0107 w ustawieniach przegl\u0105darki u\u017cytkownika.<\/li><li>Nale\u017cy pami\u0119ta\u0107, \u017ce wy\u0142\u0105czenie lub ograniczenie ciasteczek mo\u017ce wp\u0142yn\u0105\u0107 na funkcjonalno\u015b\u0107 strony oraz jako\u015b\u0107 \u015bwiadczonych us\u0142ug.<\/li><li>Na naszej stronie wykorzystujemy r\u00f3\u017cne rodzaje ciasteczek, aby lepiej dostosowa\u0107 si\u0119 do potrzeb u\u017cytkownik\u00f3w i zapewni\u0107 optymalne korzystanie ze strony.<\/li><li>Ciasteczka techniczne: S\u0105 niezb\u0119dne do prawid\u0142owego funkcjonowania witryny. Umo\u017cliwiaj\u0105 utrzymanie sesji u\u017cytkownika, obs\u0142ug\u0119 formularzy, zapami\u0119tywanie preferencji oraz zapewnienie bezpiecze\u0144stwa strony.<\/li><\/ol><p><strong>\u00a78 Dlaczego korzystamy z ciasteczek?<\/strong><\/p><ol><li>Komfort korzystania ze strony: Ciasteczka (pliki cookies) mog\u0105 znacz\u0105co wp\u0142yn\u0105\u0107 na komfort korzystania ze strony internetowej.<\/li><li>Personalizacja tre\u015bci: Ciasteczka pozwalaj\u0105 na dostosowanie wy\u015bwietlanych tre\u015bci do preferencji i zainteresowa\u0144 u\u017cytkownika, co sprawia, \u017ce strona staje si\u0119 bardziej atrakcyjna i u\u017cyteczna.<\/li><li>Zapami\u0119tywanie ustawie\u0144: Dzi\u0119ki ciasteczkom strona mo\u017ce zapami\u0119ta\u0107 wybrane przez u\u017cytkownika ustawienia, takie jak j\u0119zyk, uk\u0142ad czy kolorystyka, co pozwala na szybsze i wygodniejsze korzystanie z serwisu.<\/li><li>Logowanie: Ciasteczka umo\u017cliwiaj\u0105 przechowywanie informacji o zalogowanym u\u017cytkowniku, co pozwala na \u0142atwe prze\u0142\u0105czanie si\u0119 mi\u0119dzy r\u00f3\u017cnymi sekcjami strony bez konieczno\u015bci ponownego logowania.<\/li><li>Utrzymanie sesji: Dzi\u0119ki ciasteczkom strona mo\u017ce \u015bledzi\u0107 aktywno\u015b\u0107 u\u017cytkownika na r\u00f3\u017cnych podstronach, co pozwala na \u0142atwe wracanie do ostatnio odwiedzanych sekcji lub kontynuowanie niedoko\u0144czonych dzia\u0142a\u0144, takich jak wype\u0142nianie formularzy.<\/li><li>Optymalizacja wydajno\u015bci: Ciasteczka mog\u0105 by\u0107 wykorzystane do analizy ruchu i zachowa\u0144 u\u017cytkownik\u00f3w na stronie, co pomaga w optymalizacji jej wydajno\u015bci oraz dostarczaniu tre\u015bci o wysokiej jako\u015bci.<\/li><\/ol><p><strong>\u00a79 Funkcje ciasteczek technicznych<\/strong><\/p><ol><li>Utrzymanie sesji u\u017cytkownika: Ciasteczka techniczne umo\u017cliwiaj\u0105 utrzymanie sesji u\u017cytkownika podczas poruszania si\u0119 po stronie, co pozwala na przechodzenie mi\u0119dzy r\u00f3\u017cnymi sekcjami witryny bez konieczno\u015bci ponownego logowania czy wprowadzania tych samych informacji.<\/li><li>Zapami\u0119tywanie preferencji u\u017cytkownika: Dzi\u0119ki ciasteczkom technicznym strona mo\u017ce przechowywa\u0107 informacje na temat preferencji u\u017cytkownik\u00f3w, takie jak wybrany j\u0119zyk, wielko\u015b\u0107 czcionki, ustawienia kolorystyczne czy inne elementy personalizacji.<\/li><li>Obs\u0142uga formularzy: Ciasteczka techniczne wspomagaj\u0105 funkcjonowanie formularzy na stronie, takich jak formularze logowania, rejestracji czy kontaktowe, zapewniaj\u0105c prawid\u0142owe przetwarzanie danych wprowadzanych przez u\u017cytkownik\u00f3w.<\/li><li>Optymalizacja wydajno\u015bci strony: U\u017cycie ciasteczek technicznych umo\u017cliwia monitorowanie wydajno\u015bci strony oraz szybko\u015b\u0107 \u0142adowania poszczeg\u00f3lnych element\u00f3w, co pozwala na optymalizacj\u0119 i popraw\u0119 jako\u015bci \u015bwiadczonych us\u0142ug.<\/li><li>Bezpiecze\u0144stwo: Ciasteczka techniczne pomagaj\u0105 w zapewnieniu bezpiecze\u0144stwa witryny i jej u\u017cytkownik\u00f3w, na przyk\u0142ad poprzez weryfikacj\u0119 to\u017csamo\u015bci u\u017cytkownik\u00f3w, wykrywanie pr\u00f3b w\u0142ama\u0144 czy ochron\u0119 przed atakami typu CSRF (Cross-Site Request Forgery).<\/li><\/ol>\t\t\t\t\t\t\t\t<\/div>\n\t\t\t\t<\/div>\n\t\t\t\t<\/div>\n\t\t<div class=\"elementor-element elementor-element-82fef60 e-con-full e-flex ecomus-responsive-column ecomus-tablet-column--default ecomus-responsive-column ecomus-mobile-column--default ecomus-responsive-column ecomus-motion--var(--position) e-con e-child\" data-id=\"82fef60\" data-element_type=\"container\" data-e-type=\"container\">\n\t\t\t\t<\/div>\n\t\t\t\t\t<\/div>\n\t\t\t\t<\/div>\n\t\t\t\t<\/div>","protected":false},"excerpt":{"rendered":"<p>PRIVACY POLICY This Privacy Policy provides essential information about the purposes, methods of processing, and security of your personal data as a user of the website: www.makeyourtail.com (hereinafter referred to as the Website). By reading the Privacy Policy, you will learn who the administrator of your personal data is, what personal data is collected by [&hellip;]<\/p>","protected":false},"author":1,"featured_media":0,"parent":0,"menu_order":0,"comment_status":"closed","ping_status":"closed","template":"","meta":{"iawp_total_views":47,"footnotes":""},"class_list":["post-185","page","type-page","status-publish","hentry"],"_links":{"self":[{"href":"https:\/\/makeyourtail.com\/pl\/wp-json\/wp\/v2\/pages\/185","targetHints":{"allow":["GET"]}}],"collection":[{"href":"https:\/\/makeyourtail.com\/pl\/wp-json\/wp\/v2\/pages"}],"about":[{"href":"https:\/\/makeyourtail.com\/pl\/wp-json\/wp\/v2\/types\/page"}],"author":[{"embeddable":true,"href":"https:\/\/makeyourtail.com\/pl\/wp-json\/wp\/v2\/users\/1"}],"replies":[{"embeddable":true,"href":"https:\/\/makeyourtail.com\/pl\/wp-json\/wp\/v2\/comments?post=185"}],"version-history":[{"count":0,"href":"https:\/\/makeyourtail.com\/pl\/wp-json\/wp\/v2\/pages\/185\/revisions"}],"wp:attachment":[{"href":"https:\/\/makeyourtail.com\/pl\/wp-json\/wp\/v2\/media?parent=185"}],"curies":[{"name":"wp","href":"https:\/\/api.w.org\/{rel}","templated":true}]}}