{"id":6580,"date":"2025-03-08T13:01:33","date_gmt":"2025-03-08T13:01:33","guid":{"rendered":"https:\/\/makeyourtail.com\/?page_id=6580"},"modified":"2025-03-08T22:47:28","modified_gmt":"2025-03-08T22:47:28","slug":"sichere-zahlung","status":"publish","type":"page","link":"https:\/\/makeyourtail.com\/de\/sichere-zahlung\/","title":{"rendered":"Sichere Zahlung"},"content":{"rendered":"<div data-elementor-type=\"wp-page\" data-elementor-id=\"6580\" class=\"elementor elementor-6580\">\n\t\t\t\t<div class=\"elementor-element elementor-element-d0d4842 e-flex e-con-boxed ecomus-responsive-column ecomus-tablet-column--default ecomus-responsive-column ecomus-mobile-column--default ecomus-responsive-column ecomus-motion--var(--position) e-con e-parent\" data-id=\"d0d4842\" data-element_type=\"container\" data-e-type=\"container\">\n\t\t\t\t\t<div class=\"e-con-inner\">\n\t\t<div class=\"elementor-element elementor-element-e19f108 e-con-full e-flex ecomus-responsive-column ecomus-tablet-column--default ecomus-responsive-column ecomus-mobile-column--default ecomus-responsive-column ecomus-motion--var(--position) e-con e-child\" data-id=\"e19f108\" data-element_type=\"container\" data-e-type=\"container\">\n\t\t\t\t<\/div>\n\t\t<div class=\"elementor-element elementor-element-e8e573d e-con-full e-flex ecomus-responsive-column ecomus-tablet-column--default ecomus-responsive-column ecomus-mobile-column--default ecomus-responsive-column ecomus-motion--var(--position) e-con e-child\" data-id=\"e8e573d\" data-element_type=\"container\" data-e-type=\"container\">\n\t\t\t\t<div class=\"elementor-element elementor-element-635b4c1 elementor-widget elementor-widget-image\" data-id=\"635b4c1\" data-element_type=\"widget\" data-e-type=\"widget\" data-widget_type=\"image.default\">\n\t\t\t\t<div class=\"elementor-widget-container\">\n\t\t\t\t\t\t\t\t\t\t\t\t\t\t\t<img fetchpriority=\"high\" decoding=\"async\" width=\"1024\" height=\"108\" src=\"https:\/\/makeyourtail.com\/wp-content\/uploads\/2025\/03\/IMG_3362-1024x108.jpg\" class=\"attachment-large size-large wp-image-6658\" alt=\"\" srcset=\"https:\/\/makeyourtail.com\/wp-content\/uploads\/2025\/03\/IMG_3362-1024x108.jpg 1024w, https:\/\/makeyourtail.com\/wp-content\/uploads\/2025\/03\/IMG_3362-300x32.jpg 300w, https:\/\/makeyourtail.com\/wp-content\/uploads\/2025\/03\/IMG_3362-768x81.jpg 768w, https:\/\/makeyourtail.com\/wp-content\/uploads\/2025\/03\/IMG_3362-1536x161.jpg 1536w, https:\/\/makeyourtail.com\/wp-content\/uploads\/2025\/03\/IMG_3362-18x2.jpg 18w, https:\/\/makeyourtail.com\/wp-content\/uploads\/2025\/03\/IMG_3362-600x63.jpg 600w, https:\/\/makeyourtail.com\/wp-content\/uploads\/2025\/03\/IMG_3362-130x14.jpg 130w, https:\/\/makeyourtail.com\/wp-content\/uploads\/2025\/03\/IMG_3362.jpg 1638w\" sizes=\"(max-width: 1024px) 100vw, 1024px\" \/>\t\t\t\t\t\t\t\t\t\t\t\t\t\t\t<\/div>\n\t\t\t\t<\/div>\n\t\t\t\t<div class=\"elementor-element elementor-element-8386f41 elementor-widget elementor-widget-text-editor\" data-id=\"8386f41\" data-element_type=\"widget\" data-e-type=\"widget\" data-widget_type=\"text-editor.default\">\n\t\t\t\t<div class=\"elementor-widget-container\">\n\t\t\t\t\t\t\t\t\t<p>Bei\u00a0<em>Make Your Tail<\/em>, haben die Sicherheit Ihrer Transaktionen oberste Priorit\u00e4t, um ein sicheres und zuverl\u00e4ssiges Einkaufserlebnis zu gew\u00e4hrleisten. Unsere Verpflichtung zum Schutz Ihrer Zahlungsinformationen spiegelt sich in der Verwendung branchen\u00fcblicher Sicherheitsma\u00dfnahmen wider.<\/p><h6>SSL-Verschl\u00fcsselung<\/h6><p>Unsere Website verwendet SSL (Secure Socket Layer)-Verschl\u00fcsselungstechnologie, um den Transfer sensibler Daten zwischen Ihrem Browser und unseren Servern abzusichern. Diese Verschl\u00fcsselung stellt sicher, dass alle Informationen, einschlie\u00dflich pers\u00f6nlicher Details und Zahlungsdaten, vertraulich bleiben und vor unbefugtem Zugriff gesch\u00fctzt sind.<\/p><h6>Vertrauensw\u00fcrdige Zahlungsmethoden<\/h6><p>Wir akzeptieren eine Vielzahl vertrauensw\u00fcrdiger Zahlungsmethoden, um Ihnen Flexibilit\u00e4t und Bequemlichkeit zu bieten. W\u00e4hlen Sie aus den folgenden Optionen:<\/p><ul><li><strong>Kredit- und Debitkarten:<\/strong>\u00a0Wir akzeptieren stolz g\u00e4ngige Kredit- und Debitkarten, einschlie\u00dflich Visa und Mastercard. Unser sicheres Zahlungsgateway gew\u00e4hrleistet die Vertraulichkeit Ihrer Kartendaten w\u00e4hrend des Transaktionsprozesses.<\/li><li><strong>PayPal:<\/strong>\u00a0F\u00fcr zus\u00e4tzlichen Komfort und Sicherheit k\u00f6nnen Sie PayPal f\u00fcr Ihre Transaktionen verwenden. PayPal bietet eine zus\u00e4tzliche Schutzschicht und erm\u00f6glicht es Ihnen, Ihren Kauf problemlos abzuschlie\u00dfen.<\/li><li><strong>Przelewy24 (einschlie\u00dflich BLIK):<\/strong>\u00a0Polnische Benutzer k\u00f6nnen f\u00fcr ihre Transaktionen Przelewy24 nutzen. Es handelt sich um eine vertrauensw\u00fcrdige Zahlungsmethode, die reibungslose und sichere \u00dcberweisungen gew\u00e4hrleistet und zus\u00e4tzlich die M\u00f6glichkeit bietet, mit einem BLIK-Code zu bezahlen.<\/li><li><strong>Link:<\/strong> Wenn Sie sich in Deutschland befinden, bietet Giropay eine zuverl\u00e4ssige Zahlungsoption. Es handelt sich um eine beliebte Methode, die f\u00fcr ihre Sicherheit und Einfachheit bekannt ist.<\/li><\/ul><h6>Ihre Sicherheit im Blick<\/h6><p>Bei uns einzukaufen bedeutet nicht nur, hochwertige Produkte zu genie\u00dfen, sondern auch die Gewissheit zu haben, dass Ihre Zahlungen sicher sind. Unsere Verpflichtung zu Ihrer Sicherheit erstreckt sich \u00fcber die von Ihnen erworbenen Produkte hinaus auf das gesamte Online-Einkaufserlebnis.<\/p><p>Seien Sie versichert, dass sich\u00a0<em>Make Your Tail<\/em>\u00a0daf\u00fcr einsetzt, eine sichere und vertrauensw\u00fcrdige Plattform f\u00fcr alle Ihre Transaktionen bereitzustellen. Wenn Sie Fragen oder Bedenken zu unseren Zahlungsmethoden oder Sicherheitspraktiken haben, z\u00f6gern Sie bitte nicht, sich an unser Kundensupport-Team zu wenden.<\/p><p>Vielen Dank, dass Sie\u00a0<em>Make Your Tail<\/em>.<\/p>\t\t\t\t\t\t\t\t<\/div>\n\t\t\t\t<\/div>\n\t\t\t\t<\/div>\n\t\t<div class=\"elementor-element elementor-element-492d915 e-con-full e-flex ecomus-responsive-column ecomus-tablet-column--default ecomus-responsive-column ecomus-mobile-column--default ecomus-responsive-column ecomus-motion--var(--position) e-con e-child\" data-id=\"492d915\" data-element_type=\"container\" data-e-type=\"container\">\n\t\t\t\t<\/div>\n\t\t\t\t\t<\/div>\n\t\t\t\t<\/div>\n\t\t\t\t<\/div>","protected":false},"excerpt":{"rendered":"<p>At\u00a0Make Your Tail, we prioritize the security of your transactions to ensure a safe and reliable shopping experience. Our commitment to securing your payment information is reflected in our use of industry-standard security measures. SSL Encryption Our website employs SSL (Secure Socket Layer) encryption technology to safeguard the transfer of sensitive data between your browser [&hellip;]<\/p>","protected":false},"author":1,"featured_media":0,"parent":0,"menu_order":0,"comment_status":"closed","ping_status":"closed","template":"","meta":{"iawp_total_views":13,"footnotes":""},"class_list":["post-6580","page","type-page","status-publish","hentry"],"_links":{"self":[{"href":"https:\/\/makeyourtail.com\/de\/wp-json\/wp\/v2\/pages\/6580","targetHints":{"allow":["GET"]}}],"collection":[{"href":"https:\/\/makeyourtail.com\/de\/wp-json\/wp\/v2\/pages"}],"about":[{"href":"https:\/\/makeyourtail.com\/de\/wp-json\/wp\/v2\/types\/page"}],"author":[{"embeddable":true,"href":"https:\/\/makeyourtail.com\/de\/wp-json\/wp\/v2\/users\/1"}],"replies":[{"embeddable":true,"href":"https:\/\/makeyourtail.com\/de\/wp-json\/wp\/v2\/comments?post=6580"}],"version-history":[{"count":0,"href":"https:\/\/makeyourtail.com\/de\/wp-json\/wp\/v2\/pages\/6580\/revisions"}],"wp:attachment":[{"href":"https:\/\/makeyourtail.com\/de\/wp-json\/wp\/v2\/media?parent=6580"}],"curies":[{"name":"wp","href":"https:\/\/api.w.org\/{rel}","templated":true}]}}