{"id":189,"date":"2024-06-10T08:15:49","date_gmt":"2024-06-10T08:15:49","guid":{"rendered":"https:\/\/raw.githubusercontent.com\/drfuri\/demo-content\/main\/ecomus\/fashion\/images\/?page_id=189"},"modified":"2025-06-13T13:25:03","modified_gmt":"2025-06-13T13:25:03","slug":"versand","status":"publish","type":"page","link":"https:\/\/makeyourtail.com\/de\/versand\/","title":{"rendered":"Versand"},"content":{"rendered":"<div data-elementor-type=\"wp-page\" data-elementor-id=\"189\" class=\"elementor elementor-189\">\n\t\t\t\t<div class=\"elementor-element elementor-element-31841647 e-flex e-con-boxed ecomus-responsive-column ecomus-tablet-column--default ecomus-responsive-column ecomus-mobile-column--default ecomus-responsive-column ecomus-motion--var(--position) e-con e-parent\" data-id=\"31841647\" data-element_type=\"container\" data-e-type=\"container\">\n\t\t\t\t\t<div class=\"e-con-inner\">\n\t\t<div class=\"elementor-element elementor-element-18fa894e e-con-full e-flex ecomus-responsive-column ecomus-tablet-column--default ecomus-responsive-column ecomus-mobile-column--default ecomus-responsive-column ecomus-motion--var(--position) e-con e-child\" data-id=\"18fa894e\" data-element_type=\"container\" data-e-type=\"container\">\n\t\t\t\t<\/div>\n\t\t<div class=\"elementor-element elementor-element-31a854d8 e-con-full e-flex ecomus-responsive-column ecomus-tablet-column--default ecomus-responsive-column ecomus-mobile-column--default ecomus-responsive-column ecomus-motion--var(--position) e-con e-child\" data-id=\"31a854d8\" data-element_type=\"container\" data-e-type=\"container\">\n\t\t\t\t<div class=\"elementor-element elementor-element-18736314 elementor-widget elementor-widget-ecomus-heading\" data-id=\"18736314\" data-element_type=\"widget\" data-e-type=\"widget\" data-widget_type=\"ecomus-heading.default\">\n\t\t\t\t<div class=\"elementor-widget-container\">\n\t\t\t\t\t\t\t<div class=\"ecomus-heading-elementor\">\n\t\t\t\t<h5 class=\"ecomus-heading em-flex em-flex-align-center ecomus-heading--default\">\n\t\t\t\t\t\t\t\t\t\tVersandrichtlinie\t\t\t\t<\/h5>\n\t\t\t<\/div>\n\t\t\t\t\t\t<\/div>\n\t\t\t\t<\/div>\n\t\t\t\t<div class=\"elementor-element elementor-element-9aced1a elementor-widget elementor-widget-image\" data-id=\"9aced1a\" data-element_type=\"widget\" data-e-type=\"widget\" data-widget_type=\"image.default\">\n\t\t\t\t<div class=\"elementor-widget-container\">\n\t\t\t\t\t\t\t\t\t\t\t\t\t\t\t<img decoding=\"async\" width=\"300\" height=\"65\" src=\"https:\/\/makeyourtail.com\/wp-content\/uploads\/2025\/03\/photo_2024-05-09_15-29-04-300x65.jpg\" class=\"attachment-medium size-medium wp-image-6645\" alt=\"\" srcset=\"https:\/\/makeyourtail.com\/wp-content\/uploads\/2025\/03\/photo_2024-05-09_15-29-04-300x65.jpg 300w, https:\/\/makeyourtail.com\/wp-content\/uploads\/2025\/03\/photo_2024-05-09_15-29-04-18x4.jpg 18w, https:\/\/makeyourtail.com\/wp-content\/uploads\/2025\/03\/photo_2024-05-09_15-29-04-600x130.jpg 600w, https:\/\/makeyourtail.com\/wp-content\/uploads\/2025\/03\/photo_2024-05-09_15-29-04-130x28.jpg 130w, https:\/\/makeyourtail.com\/wp-content\/uploads\/2025\/03\/photo_2024-05-09_15-29-04.jpg 645w\" sizes=\"(max-width: 300px) 100vw, 300px\" \/>\t\t\t\t\t\t\t\t\t\t\t\t\t\t\t<\/div>\n\t\t\t\t<\/div>\n\t\t\t\t<div class=\"elementor-element elementor-element-ae4de9d elementor-widget elementor-widget-text-editor\" data-id=\"ae4de9d\" data-element_type=\"widget\" data-e-type=\"widget\" data-widget_type=\"text-editor.default\">\n\t\t\t\t<div class=\"elementor-widget-container\">\n\t\t\t\t\t\t\t\t\t<h6>Ma\u00dfgeschneiderte Artikel<\/h6><p>Sogenannte handgefertigte Artikel, insbesondere solche, die gem\u00e4\u00df einem ausgew\u00e4hlten Design im Konfigurator erstellt werden, erfordern eine Produktion durch unser Team. Dies dauert normalerweise\u00a0<strong>bis zu<\/strong> <strong>3-6 Wochen<\/strong>, und in Ausnahmef\u00e4llen kann sich die Wartezeit verl\u00e4ngern. Informationen zum Bestellstatus werden an die beim Bestellen angegebene E-Mail-Adresse gesendet.<\/p><h6>Andere Artikel<\/h6><p>Andere Artikel sind normalerweise auf Lager und werden innerhalb\u00a0<strong>von 3 Werktagen<\/strong>versendet. Informationen \u00fcber verl\u00e4ngerte Wartezeiten finden Sie f\u00fcr jedes spezifische Produkt.<\/p><h6>Lieferzeit<\/h6><p>Dar\u00fcber hinaus f\u00fcgen Sie die Lieferzeit ab dem Zeitpunkt der \u00dcbergabe an den Kurier hinzu, und diese variiert je nach ausgew\u00e4hlter Option, dem Zielland und unabh\u00e4ngigen Faktoren. Der Tracking-Code f\u00fcr das Paket wird an die beim Bestellen angegebene E-Mail-Adresse gesendet.<\/p><h6>Lieferkosten<\/h6><p>Die Lieferkosten variieren je nach Zielort und werden beim Bestellen angegeben.\u00a0<strong>Die Lieferung \u00fcber 200 \u20ac ist kostenlos<\/strong>.<\/p>\t\t\t\t\t\t\t\t<\/div>\n\t\t\t\t<\/div>\n\t\t\t\t<\/div>\n\t\t<div class=\"elementor-element elementor-element-287804ef e-con-full e-flex ecomus-responsive-column ecomus-tablet-column--default ecomus-responsive-column ecomus-mobile-column--default ecomus-responsive-column ecomus-motion--var(--position) e-con e-child\" data-id=\"287804ef\" data-element_type=\"container\" data-e-type=\"container\">\n\t\t\t\t<\/div>\n\t\t\t\t\t<\/div>\n\t\t\t\t<\/div>\n\t\t\t\t<\/div>","protected":false},"excerpt":{"rendered":"<p>The Shipping Policy Custom-Made Items So-called hand-made items, especially those created according to a chosen design in the configurator, require production by our team. This usually takes\u00a0up to 3-6 weeks, and in exceptional cases, the waiting time may be longer. Information about the order status will be sent to the email address provided when placing [&hellip;]<\/p>","protected":false},"author":1,"featured_media":0,"parent":0,"menu_order":0,"comment_status":"closed","ping_status":"closed","template":"","meta":{"iawp_total_views":17,"footnotes":""},"class_list":["post-189","page","type-page","status-publish","hentry"],"_links":{"self":[{"href":"https:\/\/makeyourtail.com\/de\/wp-json\/wp\/v2\/pages\/189","targetHints":{"allow":["GET"]}}],"collection":[{"href":"https:\/\/makeyourtail.com\/de\/wp-json\/wp\/v2\/pages"}],"about":[{"href":"https:\/\/makeyourtail.com\/de\/wp-json\/wp\/v2\/types\/page"}],"author":[{"embeddable":true,"href":"https:\/\/makeyourtail.com\/de\/wp-json\/wp\/v2\/users\/1"}],"replies":[{"embeddable":true,"href":"https:\/\/makeyourtail.com\/de\/wp-json\/wp\/v2\/comments?post=189"}],"version-history":[{"count":0,"href":"https:\/\/makeyourtail.com\/de\/wp-json\/wp\/v2\/pages\/189\/revisions"}],"wp:attachment":[{"href":"https:\/\/makeyourtail.com\/de\/wp-json\/wp\/v2\/media?parent=189"}],"curies":[{"name":"wp","href":"https:\/\/api.w.org\/{rel}","templated":true}]}}