{"id":185,"date":"2024-06-10T08:15:29","date_gmt":"2024-06-10T08:15:29","guid":{"rendered":"https:\/\/raw.githubusercontent.com\/drfuri\/demo-content\/main\/ecomus\/fashion\/images\/?page_id=185"},"modified":"2025-05-29T11:07:50","modified_gmt":"2025-05-29T11:07:50","slug":"datenschutzerklaerung","status":"publish","type":"page","link":"https:\/\/makeyourtail.com\/de\/datenschutzerklaerung\/","title":{"rendered":"Datenschutzerkl\u00e4rung"},"content":{"rendered":"<div data-elementor-type=\"wp-page\" data-elementor-id=\"185\" class=\"elementor elementor-185\">\n\t\t\t\t<div class=\"elementor-element elementor-element-3bbdd16 e-flex e-con-boxed ecomus-responsive-column ecomus-tablet-column--default ecomus-responsive-column ecomus-mobile-column--default ecomus-responsive-column ecomus-motion--var(--position) e-con e-parent\" data-id=\"3bbdd16\" data-element_type=\"container\" data-e-type=\"container\">\n\t\t\t\t\t<div class=\"e-con-inner\">\n\t\t<div class=\"elementor-element elementor-element-befd410 e-con-full e-flex ecomus-responsive-column ecomus-tablet-column--default ecomus-responsive-column ecomus-mobile-column--default ecomus-responsive-column ecomus-motion--var(--position) e-con e-child\" data-id=\"befd410\" data-element_type=\"container\" data-e-type=\"container\">\n\t\t\t\t<\/div>\n\t\t<div class=\"elementor-element elementor-element-68e9515 e-con-full e-flex ecomus-responsive-column ecomus-tablet-column--default ecomus-responsive-column ecomus-mobile-column--default ecomus-responsive-column ecomus-motion--var(--position) e-con e-child\" data-id=\"68e9515\" data-element_type=\"container\" data-e-type=\"container\">\n\t\t\t\t<div class=\"elementor-element elementor-element-de29e33 elementor-widget elementor-widget-text-editor\" data-id=\"de29e33\" data-element_type=\"widget\" data-e-type=\"widget\" data-widget_type=\"text-editor.default\">\n\t\t\t\t<div class=\"elementor-widget-container\">\n\t\t\t\t\t\t\t\t\t<p><strong>DATENSCHUTZRICHTLINIE<\/strong><\/p><p>Diese Datenschutzrichtlinie bietet grundlegende Informationen \u00fcber Zwecke, Verarbeitungsmethoden und Sicherheit Ihrer pers\u00f6nlichen Daten als Benutzer der Website: www.makeyourtail.com (im Folgenden als die Website bezeichnet). Durch das Lesen der Datenschutzrichtlinie erfahren Sie, wer der Administrator Ihrer pers\u00f6nlichen Daten ist, welche personenbezogenen Daten von der Website erfasst werden, zu welchem Zweck sie verwendet werden und wie sie gesch\u00fctzt werden.<\/p><p><strong>\u00a71. Grundlegende Informationen<\/strong><\/p><ol><li>Der Administrator Ihrer pers\u00f6nlichen Daten ist:\u00a0<em>Dominika Resiak-Czok, eine Unternehmerin, die im Zentralen Register und Informationsdienstleistungen f\u00fcr Wirtschaftsunternehmen unter dem Namen: GalacticPaw Studio - Dominika Resiak-Czok mit Sitz in Polen, Opole (45-265), Bytnara Rudego 11F\/8, NIP: 7543264712<\/em><\/li><li>Der Kontakt mit dem Administrator ist per E-Mail m\u00f6glich: contact@makeyourtail.com<\/li><li>Die Nutzungsbedingungen k\u00f6nnen Sie hier einsehen: https:\/\/makeyourtail.com\/de\/agb\/<\/li><\/ol><p><strong>\u00a72. Grunds\u00e4tze der Datenverarbeitung<\/strong><\/p><ol><li>Der Administrator verarbeitet personenbezogene Daten unter Beachtung der folgenden Grunds\u00e4tze:<ol><li>Auf der Grundlage einer rechtlichen Grundlage und in \u00dcbereinstimmung mit dem Gesetz (Legalit\u00e4t);<\/li><li>Ehrlich und in \u00dcbereinstimmung mit den guten Sitten (Fairness);<\/li><li>F\u00fcr bestimmte Zwecke und nicht \u00fcber die rechtliche Grundlage f\u00fcr die Datenverarbeitung hinaus, und in einer Weise verarbeitet, die mit diesen Zwecken vereinbar ist (Zweckbindung);<\/li><li>Wesentlich und angemessen f\u00fcr die Zwecke, f\u00fcr die sie verarbeitet werden (Datenminimierung);<\/li><li>Nicht l\u00e4nger in einer Form gespeichert, die eine Identifizierung der betroffenen Person erm\u00f6glicht, als f\u00fcr die Erreichung des Verarbeitungszwecks erforderlich ist (Speicherbegrenzung);<\/li><li>Verarbeitet auf eine Weise, die angemessene Sicherheit der personenbezogenen Daten gew\u00e4hrleistet, unter Verwendung geeigneter technischer oder organisatorischer Ma\u00dfnahmen (Integrit\u00e4t und Vertraulichkeit).<\/li><\/ol><\/li><\/ol><ol><li style=\"list-style-type: none;\">\u00a0<\/li><\/ol><p><strong>\u00a73. Zwecke, Rechtsgrundlagen und Umfang der Datenverarbeitung<\/strong><\/p><ol><li>Ihre Daten werden zu folgenden Zwecken verarbeitet:<ol><li>Zu Kontaktzwecken, um auf Ihre \u00fcber E-Mail direkt gesendeten Nachrichten zu antworten, basierend auf dem berechtigten Interesse des Administrators im Zusammenhang mit der Notwendigkeit, Ihnen eine Antwort zu geben.<\/li><li>Zu Marketingzwecken, wenn Sie den Newsletter abonnieren,<\/li><li>Zur Erf\u00fcllung Ihrer Bestellung auf Grundlage des Kaufvertrags (das effektive Aufgeben einer Bestellung schlie\u00dft einen Vertrag ab, bei dem wir als Verk\u00e4ufer und Sie als K\u00e4ufer auftreten),<\/li><li>Zur Erstellung und Verwaltung eines Benutzerkontos f\u00fcr Sie,<\/li><li>Um Ihnen das Kommentieren von auf unserer Website ver\u00f6ffentlichten Materialien zu erm\u00f6glichen, basierend auf dem berechtigten Interesse des Administrators im Zusammenhang mit der M\u00f6glichkeit, den Inhalt der Website zu kommentieren.<\/li><li>Zu Zwecken im Zusammenhang mit der Pflege unseres Unternehmensprofils in sozialen Medien (wie Facebook\/Instagram) auf der Grundlage der Regeln, die von den Eigent\u00fcmern der jeweiligen Plattform festgelegt wurden, und um \u00fcber unsere Produkte, Aktionen und andere Nachrichten im Zusammenhang mit unserer Gesch\u00e4ftst\u00e4tigkeit zu informieren, was wir als unser berechtigtes Interesse betrachten,<\/li><li>Zu technischen Zwecken unter Verwendung von Cookies (technische Cookies), basierend auf dem berechtigten Interesse des Administrators im Zusammenhang mit dem reibungslosen Funktionieren der Website.<\/li><\/ol><\/li><li>Wir verarbeiten Ihre Daten im folgenden Umfang:<ol><li>Wenn Sie uns eine E-Mail senden, verarbeiten wir die darin enthaltenen Daten. Das Bereitstellen von Daten in einer E-Mail ist freiwillig. Sie k\u00f6nnen jederzeit eine L\u00f6schung dieser Daten anfordern.<\/li><li>Wenn Sie den Newsletter abonnieren, verarbeiten wir Ihre E-Mail-Adresse. Das Abonnement des Newsletters ist freiwillig, und Sie k\u00f6nnen es jederzeit widerrufen.<\/li><li>Wenn Sie Produkte auf der Website kaufen, um Ihre Bestellung zu erf\u00fcllen, verarbeiten wir: Ihren Namen, Adresse, Lieferadresse, Telefonnummer, E-Mail-Adresse und andere im Bestellformular enthaltene Daten, die f\u00fcr uns erforderlich sind, um den Vertrag zu erf\u00fcllen. Das Bereitstellen dieser Daten ist Voraussetzung f\u00fcr die Auftragserteilung und den Vertragsabschluss.<\/li><li>Bei der Erstellung eines Benutzerkontos verarbeiten wir die Daten, die Sie im Anmeldeformular angeben, insbesondere Ihren Namen, Ihre E-Mail-Adresse, Telefonnummer, Adresse und Geschlecht. Das Bereitstellen von Namen und E-Mail-Adresse ist Voraussetzung f\u00fcr die Erstellung eines Benutzerkontos.<\/li><li>Wenn Sie sich entscheiden, einen Kommentar auf der Website zu ver\u00f6ffentlichen, verarbeiten wir Ihren Namen und Ihre E-Mail-Adresse. Die Bereitstellung von Daten auf diese Weise erfolgt freiwillig. Sie k\u00f6nnen Ihren Kommentar jederzeit l\u00f6schen.<\/li><li>Wenn Sie unser Profil in sozialen Medien (z. B. Facebook) m\u00f6gen oder anderweitig daran teilnehmen, verarbeiten wir Ihre Daten, die Sie auf dieser Plattform angegeben haben und auf die wir Zugriff haben. Um die Verarbeitung zu beenden, k\u00f6nnen Sie sich von unserem Profil abmelden.<\/li><li>Andere Daten, die der Administrator verarbeitet, umfassen IP-Adressen und andere in Cookies gespeicherte Daten. Sie entscheiden, in welchem Umfang wir Cookies mit Ihren Daten verwenden k\u00f6nnen. Die Bereitstellung von Daten auf diese Weise erfolgt freiwillig. Sie k\u00f6nnen Ihre Einstellungen jederzeit \u00e4ndern. Dies k\u00f6nnen Sie in Ihrem Webbrowser tun oder nach dem L\u00f6schen von Cookies von unserer Website.<\/li><li>API externer Partner: Unsere Website kann APIs (Application Programming Interfaces) externer Partner verwenden, um verschiedene Funktionen wie Karten, analytische Dienste, Werbung oder soziale Medien zu integrieren. Die Verwendung dieser APIs kann zur Erstellung zus\u00e4tzlicher Cookies oder zur Verwendung vorhandener Cookies zur Verarbeitung von Benutzerdaten f\u00fchren. Externe Partner k\u00f6nnen diese Daten gem\u00e4\u00df ihren Datenschutzrichtlinien speichern und verarbeiten.<\/li><\/ol><\/li><\/ol><ol><li style=\"list-style-type: none;\">\u00a0<\/li><\/ol><p><strong>\u00a74. Datenempf\u00e4nger und Absicht der \u00dcbermittlung von Daten an L\u00e4nder au\u00dferhalb des EWR oder an eine internationale Organisation<\/strong><\/p><ol><li>Empf\u00e4nger Ihrer personenbezogenen Daten sind:<ol><li>Der Betreiber der Website-Administration;<\/li><li>Speditionsunternehmen, \u00fcber die wir Lieferungen abwickeln;<\/li><li>Internetzahlungsdienstanbieter, deren Dienste wir nutzen;<\/li><li>Wenn Sie den Newsletter abonniert haben, werden Ihre Daten an den Betreiber unseres Newsletters \u00fcbermittelt;<\/li><li>Wenn Sie einen Kommentar auf der Website hinterlassen, werden Ihre Daten an den Betreiber des Kommentarmoduls \u00fcbermittelt.<\/li><\/ol><\/li><\/ol><ol><li style=\"list-style-type: none;\">\u00a0<\/li><\/ol><p><strong>\u00a75. Datenspeicherfrist<\/strong><\/p><ol><li>Wir k\u00f6nnen nicht festlegen, wie lange wir Ihre pers\u00f6nlichen Daten verarbeiten werden.<\/li><li>Die uns im Zusammenhang mit einer get\u00e4tigten Bestellung und dem Verkauf von Waren\/Produkten \u00fcbermittelten Daten werden mindestens 6 Jahre lang verarbeitet, um unseren steuerlichen Verpflichtungen nachzukommen.<\/li><li>Wenn Sie uns Ihre Daten in einer E-Mail zu Kontaktzwecken \u00fcbermitteln, werden wir Ihre Daten so lange verarbeiten, bis Sie eine L\u00f6schung oder einen Widerspruch gegen die Verarbeitung beantragen oder wenn wir der Ansicht sind, dass wir das berechtigte Interesse des Administrators erf\u00fcllt haben.<\/li><li>Wenn Sie sich entscheiden, ein Benutzerkonto zu erstellen, werden wir Ihre Daten so lange verarbeiten, bis Sie Ihr Konto l\u00f6schen.<\/li><li>Wenn Sie den Newsletter abonnieren, werden wir Ihre Daten so lange verarbeiten, bis Sie Ihr Abonnement widerrufen.<\/li><li>Wenn Sie einen Kommentar zu einem unserer Materialien hinterlassen, werden wir Ihre Daten so lange verarbeiten, bis Sie Ihren Kommentar oder unseren Kommentar l\u00f6schen.<\/li><\/ol><p><strong>\u00a76. Rechte der Benutzer<\/strong><\/p><ol><li>Im Zusammenhang mit der Verarbeitung Ihrer Daten haben Sie folgende Rechte:<ol><li>Zugang zu den Inhalten Ihrer Daten und<\/li><li>das Recht auf Berichtigung, L\u00f6schung, Einschr\u00e4nkung der Verarbeitung,<\/li><li>das Recht auf Daten\u00fcbertragbarkeit,<\/li><li>das Recht auf Widerspruch,<\/li><li>das Recht, Ihre Einwilligung zur Verarbeitung jederzeit und in jeder Form zu widerrufen, es sei denn, die Verarbeitung Ihrer Daten erfolgt zur Erf\u00fcllung eines Vertrags durch den Administrator, zur Erf\u00fcllung der rechtlichen Verpflichtungen des Administrators gegen\u00fcber staatlichen Institutionen oder zur Wahrnehmung der berechtigten Interessen des Administrators.<\/li><\/ol><\/li><li>Sie haben auch das Recht, eine Beschwerde bei der Datenschutzbeh\u00f6rde (an die Adresse der Datenschutzbeh\u00f6rde, ul. Stawki 2, 00-193 Warschau) einzureichen.<\/li><li>Weitere Informationen zum Schutz personenbezogener Daten finden Sie auf der Website der Datenschutzbeh\u00f6rde:\u00a0<a href=\"http:\/\/www.uodo.gov.pl\">www.uodo.gov.pl<\/a><\/li><\/ol><ol><li style=\"list-style-type: none;\">\u00a0<\/li><\/ol><p><strong>\u00a77 Informationen zu Cookies<\/strong><\/p><ol><li>Auf unserer Website verwenden wir Cookies.<\/li><li>Cookies sind kleine Textdateien, die auf den Ger\u00e4ten der Benutzer w\u00e4hrend des Browsens der Website gespeichert werden. Sie werden verwendet, um die Nutzung unserer Website zu erleichtern, die Qualit\u00e4t der Dienstleistungen zu verbessern und die Analyse des Website-Verkehrs und des Benutzerverhaltens zu erm\u00f6glichen.<\/li><li>Cookies k\u00f6nnen dauerhaft (persistente) oder tempor\u00e4r (Sitzungs-Cookies) sein. Dauerhafte Cookies werden f\u00fcr einen festgelegten Zeitraum oder bis zu ihrer L\u00f6schung durch den Benutzer auf dem Ger\u00e4t gespeichert. Tempor\u00e4re Cookies werden beim Schlie\u00dfen des Browsers gel\u00f6scht.<\/li><li>Wir verwenden Cookies, um den ordnungsgem\u00e4\u00dfen Betrieb der Website, die Personalisierung von Inhalten und die Speicherung von Benutzervorlieben zu gew\u00e4hrleisten.<\/li><li>Benutzer haben das Recht, zu kontrollieren und zu begrenzen, wie Cookies auf unserer Website verwendet werden. Die meisten Webbrowser erm\u00f6glichen die Verwaltung von Cookies, einschlie\u00dflich Blockierung, Begrenzung oder L\u00f6schung von Cookies. Detaillierte Informationen zur Verwaltung von Cookies finden Sie in den Browsereinstellungen des Benutzers.<\/li><li>Es sollte beachtet werden, dass das Deaktivieren oder Begrenzen von Cookies die Funktionalit\u00e4t der Website und die Qualit\u00e4t der angebotenen Dienstleistungen beeintr\u00e4chtigen kann.<\/li><li>Auf unserer Website verwenden wir verschiedene Arten von Cookies, um uns besser an die Bed\u00fcrfnisse der Benutzer anzupassen und eine optimale Nutzung der Website zu gew\u00e4hrleisten.<\/li><li>Technische Cookies: Sie sind notwendig f\u00fcr das ordnungsgem\u00e4\u00dfe Funktionieren der Website. Sie erm\u00f6glichen die Aufrechterhaltung der Benutzersitzung, die Handhabung von Formularen, das Speichern von Pr\u00e4ferenzen und die Gew\u00e4hrleistung der Sicherheit der Website.<\/li><\/ol><p><strong>\u00a78 Warum verwenden wir Cookies?<\/strong><\/p><ol><li>Komfortable Nutzung der Website: Cookies k\u00f6nnen die komfortable Nutzung der Website erheblich beeinflussen.<\/li><li>Personalisierung von Inhalten: Cookies erm\u00f6glichen die Anpassung von angezeigten Inhalten an die Vorlieben und Interessen des Benutzers, wodurch die Website attraktiver und n\u00fctzlicher wird.<\/li><li>Speichern von Einstellungen: Cookies erm\u00f6glichen es der Website, vom Benutzer ausgew\u00e4hlte Einstellungen zu speichern, wie z. B. Sprache, Layout oder Farbschema, was eine schnellere und bequemere Nutzung des Dienstes erm\u00f6glicht.<\/li><li>Anmeldung: Cookies erm\u00f6glichen die Speicherung von Informationen \u00fcber den angemeldeten Benutzer, was ein einfaches Wechseln zwischen verschiedenen Abschnitten der Website ohne erneute Anmeldung erm\u00f6glicht.<\/li><li>Sitzungspflege: Durch Cookies kann die Website die Aktivit\u00e4t des Benutzers auf verschiedenen Unterseiten verfolgen, was ein einfaches Zur\u00fcckkehren zu k\u00fcrzlich besuchten Abschnitten oder das Fortsetzen nicht abgeschlossener Aktionen, wie das Ausf\u00fcllen von Formularen, erm\u00f6glicht.<\/li><li>Optimierung der Leistung: Cookies k\u00f6nnen zur Analyse des Datenverkehrs und des Verhaltens der Benutzer auf der Website verwendet werden, um deren Leistung zu optimieren und hochwertige Inhalte bereitzustellen.<\/li><\/ol><p><strong>\u00a79 Funktionen von technischen Cookies<\/strong><\/p><ol><li>Aufrechterhaltung der Benutzersitzung: Technische Cookies erm\u00f6glichen die Aufrechterhaltung der Benutzersitzung beim Navigieren auf der Website, was ein Wechseln zwischen verschiedenen Abschnitten der Website ohne erneute Anmeldung oder Eingabe derselben Informationen erm\u00f6glicht.<\/li><li>Speichern von Benutzervorlieben: Technische Cookies erm\u00f6glichen es der Website, Informationen \u00fcber die Vorlieben der Benutzer zu speichern, wie z. B. ausgew\u00e4hlte Sprache, Schriftgr\u00f6\u00dfe, Farbeinstellungen oder andere Personalisierungselemente.<\/li><li>Formularunterst\u00fctzung: Technische Cookies unterst\u00fctzen die Funktion von Formularen auf der Website, wie Anmelde-, Registrierungs- oder Kontaktformulare, und gew\u00e4hrleisten die korrekte Verarbeitung der von Benutzern eingegebenen Daten.<\/li><li>Optimierung der Website-Performance: Die Verwendung von technischen Cookies erm\u00f6glicht die \u00dcberwachung der Leistung und Geschwindigkeit des Ladens einzelner Elemente auf der Website, was eine Optimierung und Verbesserung der Qualit\u00e4t der Dienstleistungen erm\u00f6glicht.<\/li><li>Sicherheit: Technische Cookies tragen dazu bei, die Sicherheit der Website und ihrer Benutzer zu gew\u00e4hrleisten, z. B. durch \u00dcberpr\u00fcfung der Identit\u00e4t der Benutzer, Erkennung von Eindringversuchen oder Schutz vor CSRF (Cross-Site Request Forgery)-Angriffen.<\/li><\/ol>\t\t\t\t\t\t\t\t<\/div>\n\t\t\t\t<\/div>\n\t\t\t\t<\/div>\n\t\t<div class=\"elementor-element elementor-element-82fef60 e-con-full e-flex ecomus-responsive-column ecomus-tablet-column--default ecomus-responsive-column ecomus-mobile-column--default ecomus-responsive-column ecomus-motion--var(--position) e-con e-child\" data-id=\"82fef60\" data-element_type=\"container\" data-e-type=\"container\">\n\t\t\t\t<\/div>\n\t\t\t\t\t<\/div>\n\t\t\t\t<\/div>\n\t\t\t\t<\/div>","protected":false},"excerpt":{"rendered":"<p>PRIVACY POLICY This Privacy Policy provides essential information about the purposes, methods of processing, and security of your personal data as a user of the website: www.makeyourtail.com (hereinafter referred to as the Website). By reading the Privacy Policy, you will learn who the administrator of your personal data is, what personal data is collected by [&hellip;]<\/p>","protected":false},"author":1,"featured_media":0,"parent":0,"menu_order":0,"comment_status":"closed","ping_status":"closed","template":"","meta":{"iawp_total_views":47,"footnotes":""},"class_list":["post-185","page","type-page","status-publish","hentry"],"_links":{"self":[{"href":"https:\/\/makeyourtail.com\/de\/wp-json\/wp\/v2\/pages\/185","targetHints":{"allow":["GET"]}}],"collection":[{"href":"https:\/\/makeyourtail.com\/de\/wp-json\/wp\/v2\/pages"}],"about":[{"href":"https:\/\/makeyourtail.com\/de\/wp-json\/wp\/v2\/types\/page"}],"author":[{"embeddable":true,"href":"https:\/\/makeyourtail.com\/de\/wp-json\/wp\/v2\/users\/1"}],"replies":[{"embeddable":true,"href":"https:\/\/makeyourtail.com\/de\/wp-json\/wp\/v2\/comments?post=185"}],"version-history":[{"count":0,"href":"https:\/\/makeyourtail.com\/de\/wp-json\/wp\/v2\/pages\/185\/revisions"}],"wp:attachment":[{"href":"https:\/\/makeyourtail.com\/de\/wp-json\/wp\/v2\/media?parent=185"}],"curies":[{"name":"wp","href":"https:\/\/api.w.org\/{rel}","templated":true}]}}